{"id":5271,"date":"2025-01-25T17:23:19","date_gmt":"2025-01-25T17:23:19","guid":{"rendered":"https:\/\/gabrielelakhal.com\/termini-e-condizioni\/"},"modified":"2025-08-12T20:11:08","modified_gmt":"2025-08-12T20:11:08","slug":"termini-e-condizioni","status":"publish","type":"page","link":"https:\/\/gabrielelakhal.com\/en\/terms-conditions\/","title":{"rendered":"Terms &#038; Conditions"},"content":{"rendered":"\r\n<p>Il presente documento riporta i termini e le condizioni generali di utilizzo del sito web gabrielelakhal.com che offre prodotti digitali forniti dal titolare del sito<\/p>\r\n\r\n\r\n\r\n<p><strong>Definizioni<\/strong>\u00a0<\/p>\r\n\r\n\r\n\r\n<p>Per consentire una completa comprensione e accettazione dei presenti termini e condizioni, i seguenti termini, al singolare e al plurale, avranno il significato di seguito indicato:<\/p>\r\n\r\n\r\n\r\n<ul class=\"wp-block-list\">\r\n<li><strong>Titolare:<\/strong>\u00a0Gabriele Omar Lakhal, Via Francesco Baracca 9, Novegro, Segrate (MI),\u00a0C.F. LKHGRL90B13F205E\u00a0, Partita IVA IT12773030965\u00a0, indirizzo PEC\u00a0<a href=\"mailto:gabrielelakhal@emailpec.pro\">gabrielelakhal@emailpec.pro<\/a><\/li>\r\n\r\n\r\n\r\n<li><strong>Applicazione:<\/strong>\u00a0il sito web gabrielelakhal.com<\/li>\r\n\r\n\r\n\r\n<li><strong>Prodotti:<\/strong>\r\n<ul class=\"wp-block-list\">\r\n<li>i prodotti digitali (contenuti e servizi forniti in formato digitale) venduti dal Titolare<\/li>\r\n\r\n\r\n\r\n<li>i servizi venduti dal Titolare<\/li>\r\n<\/ul>\r\n<\/li>\r\n\r\n\r\n\r\n<li><strong>Utente:<\/strong>\u00a0qualunque soggetto che accede e utilizza l\u2019Applicazione<\/li>\r\n\r\n\r\n\r\n<li><strong>Utente Professionista:<\/strong>\u00a0la persona fisica maggiorenne o persona giuridica che conclude un contratto per lo svolgimento o per esigenze della propria attivit\u00e0 imprenditoriale, commerciale, artigianale o professionale<\/li>\r\n\r\n\r\n\r\n<li><strong>Condizioni:<\/strong>\u00a0il presente contratto che disciplina i rapporti tra il Titolare e gli Utenti e la vendita dei Prodotti offerti dal Titolare tramite l\u2019Applicazione.<br \/>\u00a0<\/li>\r\n<\/ul>\r\n\r\n\r\n\r\n<p><strong>Ambito di applicazione delle Condizioni<\/strong>\u00a0<\/p>\r\n\r\n\r\n\r\n<p>L\u2019uso dell\u2019Applicazione comporta l\u2019accettazione delle Condizioni da parte dell\u2019Utente. Qualora l\u2019Utente non intenda accettare le Condizioni e\/o qualsiasi altra nota, avviso legale, informativa pubblicati o ivi richiamati non potr\u00e0 utilizzare l\u2019Applicazione n\u00e9 i relativi servizi.<\/p>\r\n\r\n\r\n\r\n<p>Le Condizioni possono essere modificate in ogni momento.<\/p>\r\n\r\n\r\n\r\n<p>Le Condizioni applicabili sono quelle in vigore alla data di trasmissione dell\u2019ordine di acquisto o richiesta di fornitura di un Prodotto.<\/p>\r\n\r\n\r\n\r\n<p>Prima di utilizzare l\u2019Applicazione, l\u2019Utente \u00e8 tenuto a leggere attentamente le Condizioni e a salvarle o stamparle per future consultazioni.<\/p>\r\n\r\n\r\n\r\n<p>Il Titolare si riserva il diritto di variare a propria discrezione, in qualunque momento anche successivo alla registrazione dell\u2019Utente, l\u2019interfaccia grafica dell\u2019Applicazione, i Contenuti e la loro organizzazione, nonch\u00e9 ogni altro aspetto che caratterizza la funzionalit\u00e0 e la gestione dell\u2019Applicazione, comunicando all\u2019Utente, ove occorrenti, le relative istruzioni.<\/p>\r\n\r\n\r\n\r\n<p><strong>Acquisto tramite l\u2019Applicazione<\/strong>\u00a0<\/p>\r\n\r\n\r\n\r\n<p>Tutti i Prodotti offerti tramite l\u2019Applicazione sono descritti in maniera dettagliata nelle relative pagine prodotto (qualit\u00e0, caratteristiche, disponibilit\u00e0, prezzo, tempi di fornitura, oneri accessori, etc.). Potrebbero evidenziarsi alcuni errori, imprecisioni o piccole differenze tra quanto pubblicato sull\u2019Applicazione e il Prodotto reale. Inoltre, le eventuali immagini dei Prodotti sono solo rappresentative e non costituiscono elemento contrattuale.<\/p>\r\n\r\n\r\n\r\n<p>Gli acquisti di uno o pi\u00f9 Prodotti tramite l\u2019Applicazione sono consentiti a Utenti Professionisti.<\/p>\r\n\r\n\r\n\r\n<p>Alle persone fisiche gli acquisti sono consentiti solo a condizione che siano maggiorenni. Per i minorenni ogni acquisto e\/o richiesta di fornitura di Prodotti tramite l\u2019Applicazione dovranno essere vagliati e autorizzati dai genitori o dagli esercenti la responsabilit\u00e0 genitoriale.<\/p>\r\n\r\n\r\n\r\n<p>L\u2019offerta dei Prodotti tramite l\u2019Applicazione costituisce invito ad offrire e l\u2019ordine inviato dall\u2019Utente varr\u00e0 quale proposta contrattuale di acquisto, soggetta a conferma e\/o accettazione da parte del Titolare secondo quanto descritto di seguito. Pertanto, il Titolare avr\u00e0, a proprio insindacabile giudizio, il diritto di accettare o meno l\u2019ordine dell\u2019Utente senza che quest\u2019ultimo possa eccepire o lamentare alcunch\u00e9 a qualsivoglia titolo e\/o ragione.<\/p>\r\n\r\n\r\n\r\n<p>Il contratto di vendita dei Prodotti si intende concluso con l\u2019accettazione da parte del Titolare della proposta contrattuale dell\u2019Utente . Il Titolare accetter\u00e0 la proposta contrattuale dell\u2019Utente mediante l\u2019invio della conferma d\u2019ordine all\u2019indirizzo di posta elettronica indicato dall\u2019Utente, nella quale saranno riportati la data dell\u2019ordine, i dati dell\u2019Utente, le caratteristiche e la disponibilit\u00e0 del Prodotto, il prezzo o la modalit\u00e0 di calcolo del prezzo, gli eventuali ulteriori oneri e imposte accessori, i tempi di fornitura ed esecuzione, le modalit\u00e0 per esercitare il diritto di recesso o la sua eventuale esclusione e la garanzia.<\/p>\r\n\r\n\r\n\r\n<p>Il contratto di vendita dei Prodotti non si considera efficace fra le parti in difetto di quanto indicato al punto precedente.<\/p>\r\n\r\n\r\n\r\n<p>Nel caso in cui il Prodotto non fosse disponibile, il Titolare render\u00e0 noto all\u2019Utente i nuovi termini di consegna o fornitura, chiedendo se intende confermare l\u2019ordine o meno. Resta inteso che il contratto si intender\u00e0 perfezionato relativamente ai Prodotti accettati dal Titolare.<\/p>\r\n\r\n\r\n\r\n<p>L\u2019Utente si impegna a verificare la correttezza dei dati riportati nella conferma d\u2019ordine e a comunicare immediatamente al Titolare eventuali errori e provveder\u00e0 a conservare copia del proprio ordine, della relativa conferma e delle Condizioni.<\/p>\r\n\r\n\r\n\r\n<p><strong>Registrazione<\/strong>\u00a0<\/p>\r\n\r\n\r\n\r\n<p>Per usufruire delle funzionalit\u00e0 dell\u2019Applicazione, gli Utenti devono registrarsi fornendo, in maniera veritiera e completa, tutti i dati richiesti nel relativo form di registrazione ed accettare integralmente la privacy policy (\u00a0<a href=\"https:\/\/gabrielelakhal.com\/en\/privacy-policy\/\">https:\/\/gabrielelakhal.com\/privacy-policy\/<\/a>) e le Condizioni.<\/p>\r\n\r\n\r\n\r\n<p>L\u2019Utente ha l\u2019onere di custodire le proprie credenziali di accesso che devono essere utilizzate esclusivamente dall\u2019Utente e non possono essere cedute a terzi. L\u2019Utente si impegna a tenerle segrete e ad assicurarsi che nessun terzo vi abbia accesso e a informare immediatamente il Titolare nel caso in cui sospetti o venga a conoscenza di un uso indebito o di una indebita divulgazione delle stesse.<\/p>\r\n\r\n\r\n\r\n<p>L&#8217;Utente garantisce che le informazioni personali fornite durante la procedura di registrazione sono complete e veritiere e si impegna a tenere il Titolare indenne e manlevato da qualsiasi danno, obbligo risarcitorio e\/o sanzione derivante da e\/o in qualsiasi modo collegata alla violazione da parte dell&#8217;Utente delle regole sulla registrazione all\u2019Applicazione o sulla conservazione delle credenziali di registrazione.<\/p>\r\n\r\n\r\n\r\n<p><strong>Cancellazione account e chiusura<\/strong>\u00a0<\/p>\r\n\r\n\r\n\r\n<p>L\u2019Utente registrato pu\u00f2 interrompere l\u2019utilizzo dell\u2019Applicazione in ogni momento e disattivare il proprio account o richiederne la cancellazione attraverso l\u2019interfaccia dell\u2019Applicazione, se possibile, o inviando una comunicazione scritta all\u2019indirizzo e-mail\u00a0<a href=\"mailto:info@gabrielelakhal.com\">info@gabrielelakhal.com<\/a>.<\/p>\r\n\r\n\r\n\r\n<p>In caso di violazione da parte dell\u2019Utente delle Condizioni o delle disposizioni di legge applicabili, il Titolare si riserva il diritto di sospendere o chiudere l\u2019account dell\u2019Utente in ogni momento e senza preavviso.<\/p>\r\n\r\n\r\n\r\n<p><strong>Prezzi e pagamenti<\/strong>\u00a0<\/p>\r\n\r\n\r\n\r\n<p>Per ogni Prodotto viene indicato il prezzo comprensivo di IVA, se dovuta. Qualora la natura del Prodotto comporti l\u2019impossibilit\u00e0 di calcolarlo in anticipo, vengono indicate le modalit\u00e0 di calcolo del prezzo.<\/p>\r\n\r\n\r\n\r\n<p>Inoltre, saranno indicate tutte le eventuali imposte, spese aggiuntive che possono variare in relazione alla modalit\u00e0 di pagamento utilizzata. Qualora tali voci di spesa non possano ragionevolmente essere calcolate in anticipo, vi sar\u00e0 l\u2019indicazione di quali spese saranno addebitate all\u2019Utente.<\/p>\r\n\r\n\r\n\r\n<p>Il Titolare si riserva la facolt\u00e0 di modificare, in qualsiasi momento, il prezzo dei Prodotti e tutti gli eventuali costi aggiuntivi. Resta inteso che le eventuali modifiche di prezzo non pregiudicheranno in alcun caso i contratti gi\u00e0 conclusi prima della modifica.<\/p>\r\n\r\n\r\n\r\n<p>L\u2019Utente si impegna a pagare il prezzo del Prodotto nei tempi e modi indicati nell\u2019Applicazione e a comunicare tutti i dati necessari eventualmente richiesti.<\/p>\r\n\r\n\r\n\r\n<p>L\u2019Applicazione utilizza strumenti terzi per l\u2019elaborazione dei pagamenti e non entra in alcun modo in contatto con i dati di pagamento forniti (numero delle carte di credito, nome del titolare, password, etc.).<\/p>\r\n\r\n\r\n\r\n<p>Qualora tali strumenti terzi dovessero negare l\u2019autorizzazione al pagamento, il Titolare non potr\u00e0 fornire i Prodotti e non potr\u00e0 essere considerato in alcun modo responsabile.<\/p>\r\n\r\n\r\n\r\n<p><strong>Fatturazione<\/strong>\u00a0<\/p>\r\n\r\n\r\n\r\n<p>All\u2019Utente che desideri ricevere la fattura saranno richiesti i dati per la fatturazione. Per l\u2019emissione della fattura faranno fede le informazioni fornite dall\u2019Utente che egli dichiara e garantisce essere rispondenti al vero, rilasciando al Titolare ogni pi\u00f9 ampia manleva al riguardo.<\/p>\r\n\r\n\r\n\r\n<p><strong>Modalit\u00e0 di fornitura di Prodotti digitali e servizi<\/strong>\u00a0<\/p>\r\n\r\n\r\n\r\n<p>Il Titolare provveder\u00e0 a fornire i Prodotti digitali, inclusi eventuali prodotti digitali forniti su un supporto materiale e\/o servizi all\u2019Utente, con le modalit\u00e0 e nel termine indicati sull\u2019Applicazione e riportati nella conferma d\u2019ordine.<\/p>\r\n\r\n\r\n\r\n<p>Nel caso in cui non sia possibile fornire i Prodotti digitali e i servizi richiesti entro tale termine, ne verr\u00e0 dato tempestivo avviso tramite e-mail all\u2019Utente, con l\u2019indicazione di quando si prevede di poterli fornire o delle ragioni che rendono la fornitura impossibile.<\/p>\r\n\r\n\r\n\r\n<p>Qualora l\u2019Utente non intenda accettare il nuovo termine o la fornitura sia divenuta impossibile, potr\u00e0 chiedere il rimborso di quanto pagato che verr\u00e0 accreditato tempestivamente nelle stesse modalit\u00e0 di pagamento utilizzate dall\u2019Utente per l\u2019acquisto al massimo entro 14 giorni dalla data in cui il Titolare \u00e8 venuto a conoscenza della richiesta di rimborso.<\/p>\r\n\r\n\r\n\r\n<p><strong>Esclusione del diritto di recesso di Utenti Professionisti<\/strong>\u00a0<\/p>\r\n\r\n\r\n\r\n<p>All\u2019Utente Professionista non \u00e8 riconosciuto il diritto di recesso dal contratto di vendita o fornitura dei Prodotti. L\u2019Utente riconosce espressamente che l\u2019indicazione nell\u2019ordine di un numero di partita IVA lo qualifica automaticamente come Utente Professionista, per il quale non \u00e8 previsto il diritto di recesso.<\/p>\r\n\r\n\r\n\r\n<p><strong>Diritti di Propriet\u00e0 Industriale e Intellettuale<\/strong>\u00a0<\/p>\r\n\r\n\r\n\r\n<p>Tutti i contenuti dell\u2019Applicazione, compresi testi, documenti, marchi, loghi, immagini, grafica, la loro disposizione e i loro adattamenti sono protetti dalla normativa sul diritto d&#8217;autore e dalla normativa a tutela dei marchi. L\u2019Applicazione pu\u00f2 contenere anche immagini, documenti, loghi e marchi di terze parti che hanno espressamente autorizzato il Titolare alla pubblicazione nell\u2019Applicazione. Fatti salvi gli utilizzi strettamente personali, non \u00e8 consentito copiare, alterare, distribuire, pubblicare o utilizzare i Contenuti senza autorizzazione specifica del Titolare.<\/p>\r\n\r\n\r\n\r\n<p><strong>Esclusione della garanzia<\/strong>\u00a0<\/p>\r\n\r\n\r\n\r\n<p>L\u2019Applicazione viene fornita \u201dcos\u00ec come \u00e8\u201d e \u201dcome \u00e8 disponibile\u201d e il Titolare non fornisce alcuna garanzia esplicita o implicita in relazione all\u2019Applicazione, n\u00e9 fornisce alcuna garanzia che l\u2019Applicazione potr\u00e0 soddisfare le esigenze degli Utenti o che non avr\u00e0 mai interruzioni o sar\u00e0 priva di errori o che sar\u00e0 priva di virus o bug.<\/p>\r\n\r\n\r\n\r\n<p>Il Titolare si adoperer\u00e0 per assicurare che l\u2019Applicazione sia disponibile ininterrottamente 24 ore al giorno, ma non potr\u00e0 in alcun modo essere ritenuto responsabile se, per qualsiasi motivo, l\u2019Applicazione non fosse accessibile e\/o operativa in qualsiasi momento o per qualsiasi periodo. L\u2019accesso all\u2019Applicazione pu\u00f2 essere sospeso temporaneamente e senza preavviso in caso di guasto del sistema, manutenzione, riparazioni o per ragioni del tutto estranee alla volont\u00e0 del Titolare o per eventi di forza maggiore.<\/p>\r\n\r\n\r\n\r\n<p><strong>Limitazione della Responsabilit\u00e0<\/strong>\u00a0<\/p>\r\n\r\n\r\n\r\n<p>Il Titolare non potr\u00e0 ritenersi responsabile verso l\u2019Utente, salvo il caso di dolo o colpa grave, per disservizi o malfunzionamenti connessi all\u2019utilizzo della rete internet al di fuori del controllo proprio o di suoi fornitori.<\/p>\r\n\r\n\r\n\r\n<p>Il Titolare non sar\u00e0 inoltre responsabile in merito a danni, perdite e costi subiti dall\u2019Utente a seguito della mancata esecuzione del contratto per cause a lui non imputabili, avendo l\u2019Utente diritto soltanto alla eventuale restituzione integrale del prezzo corrisposto e degli eventuali oneri accessori sostenuti.<\/p>\r\n\r\n\r\n\r\n<p>Il Titolare non assume alcuna responsabilit\u00e0 per l\u2019eventuale uso fraudolento e illecito che possa essere fatto da parte di terzi delle carte di credito e altri mezzi di pagamento, in quanto non entra in alcun modo in contatto con i dati di pagamento utilizzati (numero delle carte di credito, nome del titolare, password, etc.)<\/p>\r\n\r\n\r\n\r\n<p>Il Titolare non sar\u00e0 responsabile per:<\/p>\r\n\r\n\r\n\r\n<ul class=\"wp-block-list\">\r\n<li>eventuali perdite di opportunit\u00e0 commerciale e qualsiasi altra perdita, anche indiretta, eventualmente subita dall\u2019Utente che non siano conseguenza diretta della violazione del contratto da parte del Titolare<\/li>\r\n\r\n\r\n\r\n<li>errato o inidoneo utilizzo dell\u2019Applicazione da parte degli Utenti o di terzi<\/li>\r\n\r\n\r\n\r\n<li>l\u2019emissione di documenti o dati fiscali errati a causa di errori relativi ai dati forniti dall\u2019Utente, essendo quest\u2019ultimo l\u2019unico responsabile del corretto inserimento<\/li>\r\n<\/ul>\r\n\r\n\r\n\r\n<p>In nessun caso il Titolare potr\u00e0 essere ritenuto responsabile per una somma superiore al doppio del costo pagato dall\u2019Utente.<\/p>\r\n\r\n\r\n\r\n<p><strong>Forza maggiore<\/strong>\u00a0<\/p>\r\n\r\n\r\n\r\n<p>Il Titolare non potr\u00e0 essere considerato responsabile per il mancato o ritardato adempimento delle proprie obbligazioni, per circostanze al di fuori del controllo ragionevole del Titolare dovute ad eventi di forza maggiore o, comunque, ad eventi imprevisti ed imprevedibili e, comunque, indipendenti dalla sua volont\u00e0.<\/p>\r\n\r\n\r\n\r\n<p>L\u2019adempimento delle obbligazioni da parte del Titolare si intender\u00e0 sospeso per il periodo in cui si verificano eventi di forza maggiore.<\/p>\r\n\r\n\r\n\r\n<p>Il Titolare compir\u00e0 qualsiasi atto in suo potere al fine di individuare soluzioni che consentano il corretto adempimento delle proprie obbligazioni nonostante la persistenza di eventi di forza maggiore.<\/p>\r\n\r\n\r\n\r\n<p><strong>Collegamento a siti di terzi<\/strong>\u00a0<\/p>\r\n\r\n\r\n\r\n<p>L\u2019Applicazione potrebbe contenere collegamenti a siti\/applicazioni di terzi. Il Titolare non esercita alcun controllo su di essi e, pertanto, non \u00e8 in alcun modo responsabile per i contenuti di questi siti\/applicazioni.<\/p>\r\n\r\n\r\n\r\n<p>Alcuni di questi collegamenti potrebbero rinviare a siti\/applicazioni di terzi che forniscono servizi attraverso l\u2019Applicazione. In questi casi, ai singoli servizi si applicheranno le condizioni generali per l\u2019uso del sito\/applicazione e per la fruizione del servizio predisposte dai terzi, rispetto alle quali il Titolare non assume alcuna responsabilit\u00e0.<\/p>\r\n\r\n\r\n\r\n<p><strong>Privacy<\/strong>\u00a0<\/p>\r\n\r\n\r\n\r\n<p>La tutela e il trattamento dei dati personali avverranno in conformit\u00e0 all\u2019Informativa Privacy che pu\u00f2 essere consultata alla pagina\u00a0<a href=\"https:\/\/gabrielelakhal.com\/en\/privacy-policy\/\">https:\/\/gabrielelakhal.com\/privacy-policy\/<\/a><\/p>\r\n\r\n\r\n\r\n<p><strong>Legge applicabile e foro competente<\/strong>\u00a0<\/p>\r\n\r\n\r\n\r\n<p>Le Condizioni sono soggette alla legge italiana.<\/p>\r\n\r\n\r\n\r\n<p>Per gli utenti Professionisti, per ogni controversia relativa alla Applicazione, esecuzione e interpretazione delle presenti Condizioni \u00e8 competente il foro del luogo in cui ha sede il Titolare.<\/p>\r\n\r\n\r\n\r\n<p>Data 25\/01\/2025<\/p>\r\n","protected":false},"excerpt":{"rendered":"<p>Il presente documento riporta i termini e le condizioni generali di utilizzo del sito web gabrielelakhal.com che offre prodotti digitali forniti dal titolare del sito Definizioni\u00a0 Per consentire una completa comprensione e accettazione dei presenti termini e condizioni, i seguenti termini, al singolare e al plurale, avranno il significato di seguito indicato: Ambito di applicazione [&hellip;]<\/p>\n","protected":false},"author":1,"featured_media":0,"parent":0,"menu_order":0,"comment_status":"closed","ping_status":"closed","template":"","meta":{"_acf_changed":false,"inline_featured_image":false,"footnotes":""},"class_list":["post-5271","page","type-page","status-publish","hentry"],"acf":[],"_links":{"self":[{"href":"https:\/\/gabrielelakhal.com\/en\/wp-json\/wp\/v2\/pages\/5271","targetHints":{"allow":["GET"]}}],"collection":[{"href":"https:\/\/gabrielelakhal.com\/en\/wp-json\/wp\/v2\/pages"}],"about":[{"href":"https:\/\/gabrielelakhal.com\/en\/wp-json\/wp\/v2\/types\/page"}],"author":[{"embeddable":true,"href":"https:\/\/gabrielelakhal.com\/en\/wp-json\/wp\/v2\/users\/1"}],"replies":[{"embeddable":true,"href":"https:\/\/gabrielelakhal.com\/en\/wp-json\/wp\/v2\/comments?post=5271"}],"version-history":[{"count":0,"href":"https:\/\/gabrielelakhal.com\/en\/wp-json\/wp\/v2\/pages\/5271\/revisions"}],"wp:attachment":[{"href":"https:\/\/gabrielelakhal.com\/en\/wp-json\/wp\/v2\/media?parent=5271"}],"curies":[{"name":"wp","href":"https:\/\/api.w.org\/{rel}","templated":true}]}}